{"id":1095,"date":"2014-09-19T11:49:54","date_gmt":"2014-09-19T11:49:54","guid":{"rendered":"http:\/\/www.aponia-dental-center.com\/dentalni-centar\/?page_id=1095"},"modified":"2026-03-14T12:57:29","modified_gmt":"2026-03-14T12:57:29","slug":"blog","status":"publish","type":"page","link":"https:\/\/www.aponia-dental-center.com\/dentalni-centar\/blog\/","title":{"rendered":"Blog"},"content":{"rendered":"<p>[et_pb_section fb_built=&#8221;1&#8243; custom_padding_last_edited=&#8221;on|phone&#8221; admin_label=&#8221;Header Section&#8221; _builder_version=&#8221;4.27.4&#8243; _module_preset=&#8221;default&#8221; background_color=&#8221;#000000&#8243; use_background_color_gradient=&#8221;on&#8221; background_color_gradient_type=&#8221;circular&#8221; background_color_gradient_direction_radial=&#8221;top left&#8221; background_color_gradient_stops=&#8221;#0a0a0a 40%|#898989 100%&#8221; background_image=&#8221;https:\/\/www.aponia-dental-center.com\/dentalni-centar\/wp-content\/uploads\/2026\/03\/Banner-Anci.jpg&#8221; background_position=&#8221;top_center&#8221; background_vertical_offset=&#8221;50%&#8221; background_blend=&#8221;soft-light&#8221; custom_margin_tablet=&#8221;&#8221; custom_margin_phone=&#8221;&#8221; custom_margin_last_edited=&#8221;on|phone&#8221; custom_padding=&#8221;50px||50px||false|false&#8221; custom_padding_tablet=&#8221;100px||100px||false|false&#8221; custom_padding_phone=&#8221;25px||4px||false|false&#8221; hover_enabled=&#8221;0&#8243; locked=&#8221;off&#8221; global_colors_info=&#8221;{}&#8221; title_text=&#8221;Banner Anci&#8221; sticky_enabled=&#8221;0&#8243;][et_pb_row _builder_version=&#8221;4.22.1&#8243; _module_preset=&#8221;default&#8221; max_width=&#8221;1290px&#8221; custom_margin_tablet=&#8221;&#8221; custom_margin_phone=&#8221;||||false|false&#8221; custom_margin_last_edited=&#8221;on|phone&#8221; custom_padding=&#8221;17px||17px||true|false&#8221; global_colors_info=&#8221;{}&#8221;][et_pb_column type=&#8221;4_4&#8243; _builder_version=&#8221;4.16&#8243; _module_preset=&#8221;default&#8221; global_colors_info=&#8221;{}&#8221;][et_pb_text admin_label=&#8221;Header Text&#8221; _builder_version=&#8221;4.22.1&#8243; _module_preset=&#8221;default&#8221; text_font=&#8221;Playfair Display|700|on||||||&#8221; text_text_color=&#8221;#ffffff&#8221; text_font_size=&#8221;66px&#8221; text_line_height=&#8221;1.3em&#8221; header_font=&#8221;Playfair Display|700|||||||&#8221; header_text_color=&#8221;#ffffff&#8221; header_font_size=&#8221;66px&#8221; header_line_height=&#8221;1.3em&#8221; custom_margin=&#8221;||0px||false|false&#8221; custom_margin_tablet=&#8221;&#8221; custom_margin_phone=&#8221;8px||0px||false|false&#8221; custom_margin_last_edited=&#8221;on|phone&#8221; custom_padding=&#8221;0px||||false|false&#8221; text_font_size_tablet=&#8221;&#8221; text_font_size_phone=&#8221;30px&#8221; text_font_size_last_edited=&#8221;on|phone&#8221; header_font_size_tablet=&#8221;&#8221; header_font_size_phone=&#8221;30px&#8221; header_font_size_last_edited=&#8221;on|phone&#8221; text_orientation_tablet=&#8221;center&#8221; text_orientation_phone=&#8221;&#8221; text_orientation_last_edited=&#8221;on|tablet&#8221; global_colors_info=&#8221;{}&#8221;]<\/p>\n<h1>Blog<\/h1>\n<p>[\/et_pb_text][et_pb_text admin_label=&#8221;Header Text&#8221; _builder_version=&#8221;4.22.1&#8243; _module_preset=&#8221;default&#8221; text_font=&#8221;Playfair Display|700|on||||||&#8221; text_text_color=&#8221;#c3a55c&#8221; text_line_height=&#8221;1.3em&#8221; custom_margin=&#8221;11px||||false|false&#8221; custom_margin_tablet=&#8221;&#8221; custom_margin_phone=&#8221;0px||0px||false|false&#8221; custom_margin_last_edited=&#8221;on|phone&#8221; custom_padding=&#8221;6px||||false|false&#8221; text_font_size_tablet=&#8221;&#8221; text_font_size_phone=&#8221;12px&#8221; text_font_size_last_edited=&#8221;on|phone&#8221; text_orientation_tablet=&#8221;center&#8221; text_orientation_phone=&#8221;&#8221; text_orientation_last_edited=&#8221;on|tablet&#8221; global_colors_info=&#8221;{}&#8221;]<a href=\"https:\/\/www.aponia-dental-center.com\/dentalni-centar\/\">Home<\/a> &#8211; <span style=\"color: #ffffff;\">Blog<\/span>[\/et_pb_text][\/et_pb_column][\/et_pb_row][\/et_pb_section][et_pb_section fb_built=&#8221;1&#8243; admin_label=&#8221;section&#8221; _builder_version=&#8221;4.18.0&#8243; custom_padding=&#8221;||0px||false|false&#8221; global_colors_info=&#8221;{}&#8221;][et_pb_row _builder_version=&#8221;4.22.1&#8243; _module_preset=&#8221;default&#8221; width=&#8221;90%&#8221; max_width=&#8221;1300px&#8221; global_colors_info=&#8221;{}&#8221;][et_pb_column type=&#8221;4_4&#8243; _builder_version=&#8221;4.18.0&#8243; _module_preset=&#8221;default&#8221; global_colors_info=&#8221;{}&#8221;][et_pb_blog show_more=&#8221;on&#8221; module_class=&#8221;blog-list-v1&#8243; _builder_version=&#8221;4.22.1&#8243; _module_preset=&#8221;default&#8221; header_font=&#8221;|700||on|||||&#8221; header_font_size=&#8221;24px&#8221; body_font_size=&#8221;18px&#8221; body_line_height=&#8221;1.6em&#8221; read_more_font=&#8221;|700||on|||||&#8221; read_more_text_color=&#8221;#000000&#8243; read_more_font_size=&#8221;13px&#8221; header_font_size_tablet=&#8221;24px&#8221; header_font_size_phone=&#8221;22px&#8221; header_font_size_last_edited=&#8221;on|phone&#8221; global_colors_info=&#8221;{}&#8221;][\/et_pb_blog][et_pb_code admin_label=&#8221;CSS code &#8211; list layout V1&#8243; _builder_version=&#8221;4.18.0&#8243; _module_preset=&#8221;default&#8221; global_colors_info=&#8221;{}&#8221;]<\/p>\n<style><!-- [et_pb_line_break_holder] -->\/* ### Change the colors here ### *\/<!-- [et_pb_line_break_holder] -->  <!-- [et_pb_line_break_holder] -->\/* ###  Blog pagination ### *\/ <!-- [et_pb_line_break_holder] -->.pagination .alignleft a,<!-- [et_pb_line_break_holder] -->.pagination .alignright a {<!-- [et_pb_line_break_holder] -->  color: #000000; \/* Pagination text color *\/<!-- [et_pb_line_break_holder] -->\tbackground: #edf8ff; \/* Pagination bg color *\/<!-- [et_pb_line_break_holder] -->  border: 1px solid #000000; \/* Pagination border color *\/<!-- [et_pb_line_break_holder] -->}<!-- [et_pb_line_break_holder] --><!-- [et_pb_line_break_holder] -->.pagination .alignleft a:hover,<!-- [et_pb_line_break_holder] -->.pagination .alignright a:hover {<!-- [et_pb_line_break_holder] -->  color: #ffffff; \/* Pagination text color - HOVER *\/<!-- [et_pb_line_break_holder] -->\tbackground: #000000; \/* Pagination bg color - HOVER *\/<!-- [et_pb_line_break_holder] -->}   <!-- [et_pb_line_break_holder] --><!-- [et_pb_line_break_holder] -->\/* ### End colors ### *\/  <!-- [et_pb_line_break_holder] -->  <!-- [et_pb_line_break_holder] -->\/* ###  Blog list V1 ### *\/ <!-- [et_pb_line_break_holder] -->@media (min-width: 767px) {<!-- [et_pb_line_break_holder] -->.blog-list-v1 .entry-featured-image-url  {<!-- [et_pb_line_break_holder] -->\twidth: 35%;<!-- [et_pb_line_break_holder] -->\tfloat: left;<!-- [et_pb_line_break_holder] -->\tmargin-bottom: 0!important;<!-- [et_pb_line_break_holder] -->}<!-- [et_pb_line_break_holder] --><!-- [et_pb_line_break_holder] -->.blog-list-v1 .entry-title,<!-- [et_pb_line_break_holder] -->.blog-list-v1 .post-meta,<!-- [et_pb_line_break_holder] -->.blog-list-v1 .post-content {<!-- [et_pb_line_break_holder] -->\twidth: 65%;<!-- [et_pb_line_break_holder] -->\tfloat: left;<!-- [et_pb_line_break_holder] -->\tpadding-left: 30px;<!-- [et_pb_line_break_holder] -->}}<!-- [et_pb_line_break_holder] -->  <!-- [et_pb_line_break_holder] -->@media (min-width: 981px) {<!-- [et_pb_line_break_holder] -->.blog-list-v1 .entry-title {<!-- [et_pb_line_break_holder] -->  padding-top: 30px; <!-- [et_pb_line_break_holder] -->}}  <!-- [et_pb_line_break_holder] -->  <!-- [et_pb_line_break_holder] -->.blog-list-v1 article {<!-- [et_pb_line_break_holder] -->  box-shadow: 0 0 35px 0 rgb(0 0 0 \/ 12%);<!-- [et_pb_line_break_holder] -->  padding: 20px;<!-- [et_pb_line_break_holder] -->}  <!-- [et_pb_line_break_holder] -->  <!-- [et_pb_line_break_holder] -->.more-link {<!-- [et_pb_line_break_holder] -->  margin-top: 15px;  <!-- [et_pb_line_break_holder] -->} <!-- [et_pb_line_break_holder] -->  <!-- [et_pb_line_break_holder] -->\/* ### Blog pagination ### *\/<!-- [et_pb_line_break_holder] -->.pagination {<!-- [et_pb_line_break_holder] -->  padding-top: 50px;<!-- [et_pb_line_break_holder] -->}    <!-- [et_pb_line_break_holder] -->  <!-- [et_pb_line_break_holder] -->.pagination .alignleft a,<!-- [et_pb_line_break_holder] -->.pagination .alignright a {<!-- [et_pb_line_break_holder] -->  font-weight:400;<!-- [et_pb_line_break_holder] -->\tpadding: .5em 1.1em;<!-- [et_pb_line_break_holder] -->\tborder-radius: 5px;<!-- [et_pb_line_break_holder] -->\ttext-transform: capitalize;<!-- [et_pb_line_break_holder] -->\ttransition: all 0.3s ease-in-out;<!-- [et_pb_line_break_holder] -->}  <!-- [et_pb_line_break_holder] --><\/style>\n<p>[\/et_pb_code][\/et_pb_column][\/et_pb_row][\/et_pb_section]<\/p>\n","protected":false},"excerpt":{"rendered":"<p>BlogHome &#8211; Blog<\/p>\n","protected":false},"author":1,"featured_media":0,"parent":0,"menu_order":0,"comment_status":"closed","ping_status":"open","template":"","meta":{"_et_pb_use_builder":"on","_et_pb_old_content":"","_et_gb_content_width":"","footnotes":""},"class_list":["post-1095","page","type-page","status-publish","hentry"],"yoast_head":"<!-- This site is optimized with the Yoast SEO plugin v27.3 - https:\/\/yoast.com\/product\/yoast-seo-wordpress\/ -->\n<title>Blog - Stomatolo\u0161ka ordinacija u Beogradu<\/title>\n<meta name=\"description\" content=\"Na na\u0161em blogu redovno obave\u0161tavamo pacijente o svim novitetima iz sveta stomatologije, o aktuelnostima, novim tehnologijama i iskustvima.\u00a0\" \/>\n<meta name=\"robots\" content=\"index, follow, max-snippet:-1, max-image-preview:large, max-video-preview:-1\" \/>\n<link rel=\"canonical\" href=\"https:\/\/www.aponia-dental-center.com\/dentalni-centar\/blog\/\" \/>\n<meta property=\"og:locale\" content=\"en_US\" \/>\n<meta property=\"og:type\" content=\"article\" \/>\n<meta property=\"og:title\" content=\"Blog - Stomatolo\u0161ka ordinacija u Beogradu\" \/>\n<meta property=\"og:description\" content=\"Na na\u0161em blogu redovno obave\u0161tavamo pacijente o svim novitetima iz sveta stomatologije, o aktuelnostima, novim tehnologijama i iskustvima.\u00a0\" \/>\n<meta property=\"og:url\" content=\"https:\/\/www.aponia-dental-center.com\/dentalni-centar\/blog\/\" \/>\n<meta property=\"og:site_name\" content=\"Stomatolo\u0161ka ordinacija u Beogradu\" \/>\n<meta property=\"article:modified_time\" content=\"2026-03-14T12:57:29+00:00\" \/>\n<meta name=\"twitter:card\" content=\"summary_large_image\" \/>\n<meta name=\"twitter:site\" content=\"@Aponia_Belgrade\" \/>\n<meta name=\"twitter:label1\" content=\"Est. reading time\" \/>\n\t<meta name=\"twitter:data1\" content=\"3 minutes\" \/>\n<script type=\"application\/ld+json\" class=\"yoast-schema-graph\">{\"@context\":\"https:\\\/\\\/schema.org\",\"@graph\":[{\"@type\":\"WebPage\",\"@id\":\"https:\\\/\\\/www.aponia-dental-center.com\\\/dentalni-centar\\\/blog\\\/\",\"url\":\"https:\\\/\\\/www.aponia-dental-center.com\\\/dentalni-centar\\\/blog\\\/\",\"name\":\"Blog - Stomatolo\u0161ka ordinacija u Beogradu\",\"isPartOf\":{\"@id\":\"https:\\\/\\\/www.aponia-dental-center.com\\\/dentalni-centar\\\/#website\"},\"datePublished\":\"2014-09-19T11:49:54+00:00\",\"dateModified\":\"2026-03-14T12:57:29+00:00\",\"description\":\"Na na\u0161em blogu redovno obave\u0161tavamo pacijente o svim novitetima iz sveta stomatologije, o aktuelnostima, novim tehnologijama i iskustvima.\u00a0\",\"breadcrumb\":{\"@id\":\"https:\\\/\\\/www.aponia-dental-center.com\\\/dentalni-centar\\\/blog\\\/#breadcrumb\"},\"inLanguage\":\"en-US\",\"potentialAction\":[{\"@type\":\"ReadAction\",\"target\":[\"https:\\\/\\\/www.aponia-dental-center.com\\\/dentalni-centar\\\/blog\\\/\"]}]},{\"@type\":\"BreadcrumbList\",\"@id\":\"https:\\\/\\\/www.aponia-dental-center.com\\\/dentalni-centar\\\/blog\\\/#breadcrumb\",\"itemListElement\":[{\"@type\":\"ListItem\",\"position\":1,\"name\":\"Naslovna\",\"item\":\"https:\\\/\\\/www.aponia-dental-center.com\\\/dentalni-centar\\\/\"},{\"@type\":\"ListItem\",\"position\":2,\"name\":\"Blog\"}]},{\"@type\":\"WebSite\",\"@id\":\"https:\\\/\\\/www.aponia-dental-center.com\\\/dentalni-centar\\\/#website\",\"url\":\"https:\\\/\\\/www.aponia-dental-center.com\\\/dentalni-centar\\\/\",\"name\":\"Stomatolo\u0161ka ordinacija u Beogradu\",\"description\":\"Harmonija estetike i zdravlja\",\"potentialAction\":[{\"@type\":\"SearchAction\",\"target\":{\"@type\":\"EntryPoint\",\"urlTemplate\":\"https:\\\/\\\/www.aponia-dental-center.com\\\/dentalni-centar\\\/?s={search_term_string}\"},\"query-input\":{\"@type\":\"PropertyValueSpecification\",\"valueRequired\":true,\"valueName\":\"search_term_string\"}}],\"inLanguage\":\"en-US\"}]}<\/script>\n<!-- \/ Yoast SEO plugin. -->","yoast_head_json":{"title":"Blog - Stomatolo\u0161ka ordinacija u Beogradu","description":"Na na\u0161em blogu redovno obave\u0161tavamo pacijente o svim novitetima iz sveta stomatologije, o aktuelnostima, novim tehnologijama i iskustvima.\u00a0","robots":{"index":"index","follow":"follow","max-snippet":"max-snippet:-1","max-image-preview":"max-image-preview:large","max-video-preview":"max-video-preview:-1"},"canonical":"https:\/\/www.aponia-dental-center.com\/dentalni-centar\/blog\/","og_locale":"en_US","og_type":"article","og_title":"Blog - Stomatolo\u0161ka ordinacija u Beogradu","og_description":"Na na\u0161em blogu redovno obave\u0161tavamo pacijente o svim novitetima iz sveta stomatologije, o aktuelnostima, novim tehnologijama i iskustvima.\u00a0","og_url":"https:\/\/www.aponia-dental-center.com\/dentalni-centar\/blog\/","og_site_name":"Stomatolo\u0161ka ordinacija u Beogradu","article_modified_time":"2026-03-14T12:57:29+00:00","twitter_card":"summary_large_image","twitter_site":"@Aponia_Belgrade","twitter_misc":{"Est. reading time":"3 minutes"},"schema":{"@context":"https:\/\/schema.org","@graph":[{"@type":"WebPage","@id":"https:\/\/www.aponia-dental-center.com\/dentalni-centar\/blog\/","url":"https:\/\/www.aponia-dental-center.com\/dentalni-centar\/blog\/","name":"Blog - Stomatolo\u0161ka ordinacija u Beogradu","isPartOf":{"@id":"https:\/\/www.aponia-dental-center.com\/dentalni-centar\/#website"},"datePublished":"2014-09-19T11:49:54+00:00","dateModified":"2026-03-14T12:57:29+00:00","description":"Na na\u0161em blogu redovno obave\u0161tavamo pacijente o svim novitetima iz sveta stomatologije, o aktuelnostima, novim tehnologijama i iskustvima.\u00a0","breadcrumb":{"@id":"https:\/\/www.aponia-dental-center.com\/dentalni-centar\/blog\/#breadcrumb"},"inLanguage":"en-US","potentialAction":[{"@type":"ReadAction","target":["https:\/\/www.aponia-dental-center.com\/dentalni-centar\/blog\/"]}]},{"@type":"BreadcrumbList","@id":"https:\/\/www.aponia-dental-center.com\/dentalni-centar\/blog\/#breadcrumb","itemListElement":[{"@type":"ListItem","position":1,"name":"Naslovna","item":"https:\/\/www.aponia-dental-center.com\/dentalni-centar\/"},{"@type":"ListItem","position":2,"name":"Blog"}]},{"@type":"WebSite","@id":"https:\/\/www.aponia-dental-center.com\/dentalni-centar\/#website","url":"https:\/\/www.aponia-dental-center.com\/dentalni-centar\/","name":"Stomatolo\u0161ka ordinacija u Beogradu","description":"Harmonija estetike i zdravlja","potentialAction":[{"@type":"SearchAction","target":{"@type":"EntryPoint","urlTemplate":"https:\/\/www.aponia-dental-center.com\/dentalni-centar\/?s={search_term_string}"},"query-input":{"@type":"PropertyValueSpecification","valueRequired":true,"valueName":"search_term_string"}}],"inLanguage":"en-US"}]}},"_links":{"self":[{"href":"https:\/\/www.aponia-dental-center.com\/dentalni-centar\/wp-json\/wp\/v2\/pages\/1095","targetHints":{"allow":["GET"]}}],"collection":[{"href":"https:\/\/www.aponia-dental-center.com\/dentalni-centar\/wp-json\/wp\/v2\/pages"}],"about":[{"href":"https:\/\/www.aponia-dental-center.com\/dentalni-centar\/wp-json\/wp\/v2\/types\/page"}],"author":[{"embeddable":true,"href":"https:\/\/www.aponia-dental-center.com\/dentalni-centar\/wp-json\/wp\/v2\/users\/1"}],"replies":[{"embeddable":true,"href":"https:\/\/www.aponia-dental-center.com\/dentalni-centar\/wp-json\/wp\/v2\/comments?post=1095"}],"version-history":[{"count":7,"href":"https:\/\/www.aponia-dental-center.com\/dentalni-centar\/wp-json\/wp\/v2\/pages\/1095\/revisions"}],"predecessor-version":[{"id":4399796,"href":"https:\/\/www.aponia-dental-center.com\/dentalni-centar\/wp-json\/wp\/v2\/pages\/1095\/revisions\/4399796"}],"wp:attachment":[{"href":"https:\/\/www.aponia-dental-center.com\/dentalni-centar\/wp-json\/wp\/v2\/media?parent=1095"}],"curies":[{"name":"wp","href":"https:\/\/api.w.org\/{rel}","templated":true}]}}