{"id":36,"date":"2014-01-22T15:20:01","date_gmt":"2014-01-22T15:20:01","guid":{"rendered":"http:\/\/www.aponia-dental-center.com\/dentalni-centar\/?page_id=36"},"modified":"2021-06-07T17:18:15","modified_gmt":"2021-06-07T17:18:15","slug":"kontakt","status":"publish","type":"page","link":"https:\/\/www.aponia-dental-center.com\/dentalni-centar\/kontakt\/","title":{"rendered":"Kontakt"},"content":{"rendered":"<p>[et_pb_section fb_built=&#8221;1&#8243; admin_label=&#8221;section&#8221; _builder_version=&#8221;3.22&#8243;][et_pb_row admin_label=&#8221;row&#8221; _builder_version=&#8221;3.25&#8243; background_size=&#8221;initial&#8221; background_position=&#8221;top_left&#8221; background_repeat=&#8221;repeat&#8221;][et_pb_column type=&#8221;4_4&#8243; _builder_version=&#8221;3.25&#8243; custom_padding=&#8221;|||&#8221; custom_padding__hover=&#8221;|||&#8221;][et_pb_text admin_label=&#8221;Text&#8221; _builder_version=&#8221;4.9.4&#8243; background_size=&#8221;initial&#8221; background_position=&#8221;top_left&#8221; background_repeat=&#8221;repeat&#8221;] Molimo Vas da nam po\u0161aljete Va\u0161 snimak ortopana na na\u0161u mejl adresu i dobi\u0107ete stru\u010dno mi\u0161ljenje na\u0161ih doktora sa detaljima odgovaraju\u0107eg tretmana uz besplatan predra\u010dun koji \u0107ete dobiti online. Ostavite nam Va\u0161 kontakt, za bilo koju dodatnu informaciju i poja\u0161njenje, mi zovemo Vas.[\/et_pb_text][\/et_pb_column][\/et_pb_row][\/et_pb_section][et_pb_section fb_built=&#8221;1&#8243; prev_background_color=&#8221;#ffffff&#8221; _builder_version=&#8221;4.9.4&#8243; _module_preset=&#8221;default&#8221; background_color=&#8221;#f7f6f3&#8243; custom_padding=&#8221;31px||0px||false|false&#8221; top_divider_style=&#8221;waves2&#8243;][et_pb_row use_custom_gutter=&#8221;on&#8221; gutter_width=&#8221;2&#8243; make_equal=&#8221;on&#8221; _builder_version=&#8221;4.9.4&#8243; _module_preset=&#8221;default&#8221; width=&#8221;100%&#8221; max_width=&#8221;1600px&#8221;][et_pb_column type=&#8221;4_4&#8243; _builder_version=&#8221;4.9.4&#8243; _module_preset=&#8221;default&#8221; border_radii=&#8221;on|15px|15px|15px|15px&#8221; border_width_all=&#8221;10px&#8221; border_color_all=&#8221;#FFFFFF&#8221; box_shadow_style=&#8221;preset1&#8243;][et_pb_code _builder_version=&#8221;4.9.4&#8243; _module_preset=&#8221;default&#8221;]   <iframe src=\"https:\/\/www.google.com\/maps\/embed?pb=!1m18!1m12!1m3!1d2830.838837541954!2d20.46859831553545!3d44.80447297909865!2m3!1f0!2f0!3f0!3m2!1i1024!2i768!4f13.1!3m3!1m2!1s0x475a7aa0f022ec41%3A0xb0bab2b877ccc14c!2sAponia%20Dental%20Center!5e0!3m2!1sit!2srs!4v1621440014485!5m2!1sit!2srs\" width=\"1950\" height=\"450\" style=\"border:0;\" allowfullscreen=\"\" loading=\"lazy\"><\/iframe>[\/et_pb_code][\/et_pb_column][\/et_pb_row][\/et_pb_section]<\/p>\n","protected":false},"excerpt":{"rendered":"<p>Molimo Vas da nam po\u0161aljete Va\u0161 snimak ortopana na na\u0161u mejl adresu i dobi\u0107ete stru\u010dno mi\u0161ljenje na\u0161ih doktora sa detaljima odgovaraju\u0107eg tretmana uz besplatan predra\u010dun koji \u0107ete dobiti online. Ostavite nam Va\u0161 kontakt, za bilo koju dodatnu informaciju i poja\u0161njenje, mi zovemo Vas.<\/p>\n","protected":false},"author":1,"featured_media":0,"parent":0,"menu_order":0,"comment_status":"closed","ping_status":"closed","template":"","meta":{"_et_pb_use_builder":"on","_et_pb_old_content":"Molimo Vas da nam po\u0161aljete Va\u0161 snimak ortopana na na\u0161u mejl adresu i dobi\u0107ete stru\u010dno mi\u0161ljenje na\u0161ih doktora sa detaljima odgovaraju\u0107eg tretmana uz besplatan predra\u010dun koji \u0107ete dobiti online. Ostavite nam Va\u0161 kontakt, za bilo koju dodatnu informaciju i poja\u0161njenje, <b>mi zovemo Vas<\/b>.\r\n\r\n[contact-form-7 id=\"35\" title=\"Contact form 1\"]\r\n\r\n<a href=\"http:\/\/www.aponia-dental-center.com\/dentalni-centar\/wp-content\/uploads\/2014\/02\/aponija-belgrado-map.png\" target=\"_blank\"><img class=\"size-medium wp-image-782 \" src=\"http:\/\/www.aponia-dental-center.com\/dentalni-centar\/wp-content\/uploads\/2014\/02\/aponija-belgrado-map-300x211.png\" alt=\"Aponija Belgrado\" width=\"300\" height=\"211\" \/><\/a>","_et_gb_content_width":"","footnotes":""},"class_list":["post-36","page","type-page","status-publish","hentry"],"yoast_head":"<!-- This site is optimized with the Yoast SEO plugin v27.3 - https:\/\/yoast.com\/product\/yoast-seo-wordpress\/ -->\n<title>Kontakt - Stomatolo\u0161ka ordinacija u Beogradu<\/title>\n<meta name=\"description\" content=\"Kontaktirajte nas putem telefona, mejla ili dru\u0161tvenih mre\u017ea i zaka\u017eite besplatan pregled. Po\u0161aljite svoj ortopan kroz kontakt formu ili putem mejla.\u00a0\" \/>\n<meta name=\"robots\" content=\"index, follow, max-snippet:-1, max-image-preview:large, max-video-preview:-1\" \/>\n<link rel=\"canonical\" href=\"https:\/\/www.aponia-dental-center.com\/dentalni-centar\/kontakt\/\" \/>\n<meta property=\"og:locale\" content=\"en_US\" \/>\n<meta property=\"og:type\" content=\"article\" \/>\n<meta property=\"og:title\" content=\"Kontakt - Stomatolo\u0161ka ordinacija u Beogradu\" \/>\n<meta property=\"og:description\" content=\"Kontaktirajte nas putem telefona, mejla ili dru\u0161tvenih mre\u017ea i zaka\u017eite besplatan pregled. Po\u0161aljite svoj ortopan kroz kontakt formu ili putem mejla.\u00a0\" \/>\n<meta property=\"og:url\" content=\"https:\/\/www.aponia-dental-center.com\/dentalni-centar\/kontakt\/\" \/>\n<meta property=\"og:site_name\" content=\"Stomatolo\u0161ka ordinacija u Beogradu\" \/>\n<meta property=\"article:modified_time\" content=\"2021-06-07T17:18:15+00:00\" \/>\n<meta name=\"twitter:card\" content=\"summary_large_image\" \/>\n<meta name=\"twitter:site\" content=\"@Aponia_Belgrade\" \/>\n<meta name=\"twitter:label1\" content=\"Est. reading time\" \/>\n\t<meta name=\"twitter:data1\" content=\"1 minute\" \/>\n<script type=\"application\/ld+json\" class=\"yoast-schema-graph\">{\"@context\":\"https:\\\/\\\/schema.org\",\"@graph\":[{\"@type\":\"WebPage\",\"@id\":\"https:\\\/\\\/www.aponia-dental-center.com\\\/dentalni-centar\\\/kontakt\\\/\",\"url\":\"https:\\\/\\\/www.aponia-dental-center.com\\\/dentalni-centar\\\/kontakt\\\/\",\"name\":\"Kontakt - Stomatolo\u0161ka ordinacija u Beogradu\",\"isPartOf\":{\"@id\":\"https:\\\/\\\/www.aponia-dental-center.com\\\/dentalni-centar\\\/#website\"},\"datePublished\":\"2014-01-22T15:20:01+00:00\",\"dateModified\":\"2021-06-07T17:18:15+00:00\",\"description\":\"Kontaktirajte nas putem telefona, mejla ili dru\u0161tvenih mre\u017ea i zaka\u017eite besplatan pregled. Po\u0161aljite svoj ortopan kroz kontakt formu ili putem mejla.\u00a0\",\"breadcrumb\":{\"@id\":\"https:\\\/\\\/www.aponia-dental-center.com\\\/dentalni-centar\\\/kontakt\\\/#breadcrumb\"},\"inLanguage\":\"en-US\",\"potentialAction\":[{\"@type\":\"ReadAction\",\"target\":[\"https:\\\/\\\/www.aponia-dental-center.com\\\/dentalni-centar\\\/kontakt\\\/\"]}]},{\"@type\":\"BreadcrumbList\",\"@id\":\"https:\\\/\\\/www.aponia-dental-center.com\\\/dentalni-centar\\\/kontakt\\\/#breadcrumb\",\"itemListElement\":[{\"@type\":\"ListItem\",\"position\":1,\"name\":\"Naslovna\",\"item\":\"https:\\\/\\\/www.aponia-dental-center.com\\\/dentalni-centar\\\/\"},{\"@type\":\"ListItem\",\"position\":2,\"name\":\"Kontakt\"}]},{\"@type\":\"WebSite\",\"@id\":\"https:\\\/\\\/www.aponia-dental-center.com\\\/dentalni-centar\\\/#website\",\"url\":\"https:\\\/\\\/www.aponia-dental-center.com\\\/dentalni-centar\\\/\",\"name\":\"Stomatolo\u0161ka ordinacija u Beogradu\",\"description\":\"Harmonija estetike i zdravlja\",\"potentialAction\":[{\"@type\":\"SearchAction\",\"target\":{\"@type\":\"EntryPoint\",\"urlTemplate\":\"https:\\\/\\\/www.aponia-dental-center.com\\\/dentalni-centar\\\/?s={search_term_string}\"},\"query-input\":{\"@type\":\"PropertyValueSpecification\",\"valueRequired\":true,\"valueName\":\"search_term_string\"}}],\"inLanguage\":\"en-US\"}]}<\/script>\n<!-- \/ Yoast SEO plugin. -->","yoast_head_json":{"title":"Kontakt - Stomatolo\u0161ka ordinacija u Beogradu","description":"Kontaktirajte nas putem telefona, mejla ili dru\u0161tvenih mre\u017ea i zaka\u017eite besplatan pregled. Po\u0161aljite svoj ortopan kroz kontakt formu ili putem mejla.\u00a0","robots":{"index":"index","follow":"follow","max-snippet":"max-snippet:-1","max-image-preview":"max-image-preview:large","max-video-preview":"max-video-preview:-1"},"canonical":"https:\/\/www.aponia-dental-center.com\/dentalni-centar\/kontakt\/","og_locale":"en_US","og_type":"article","og_title":"Kontakt - Stomatolo\u0161ka ordinacija u Beogradu","og_description":"Kontaktirajte nas putem telefona, mejla ili dru\u0161tvenih mre\u017ea i zaka\u017eite besplatan pregled. Po\u0161aljite svoj ortopan kroz kontakt formu ili putem mejla.\u00a0","og_url":"https:\/\/www.aponia-dental-center.com\/dentalni-centar\/kontakt\/","og_site_name":"Stomatolo\u0161ka ordinacija u Beogradu","article_modified_time":"2021-06-07T17:18:15+00:00","twitter_card":"summary_large_image","twitter_site":"@Aponia_Belgrade","twitter_misc":{"Est. reading time":"1 minute"},"schema":{"@context":"https:\/\/schema.org","@graph":[{"@type":"WebPage","@id":"https:\/\/www.aponia-dental-center.com\/dentalni-centar\/kontakt\/","url":"https:\/\/www.aponia-dental-center.com\/dentalni-centar\/kontakt\/","name":"Kontakt - Stomatolo\u0161ka ordinacija u Beogradu","isPartOf":{"@id":"https:\/\/www.aponia-dental-center.com\/dentalni-centar\/#website"},"datePublished":"2014-01-22T15:20:01+00:00","dateModified":"2021-06-07T17:18:15+00:00","description":"Kontaktirajte nas putem telefona, mejla ili dru\u0161tvenih mre\u017ea i zaka\u017eite besplatan pregled. Po\u0161aljite svoj ortopan kroz kontakt formu ili putem mejla.\u00a0","breadcrumb":{"@id":"https:\/\/www.aponia-dental-center.com\/dentalni-centar\/kontakt\/#breadcrumb"},"inLanguage":"en-US","potentialAction":[{"@type":"ReadAction","target":["https:\/\/www.aponia-dental-center.com\/dentalni-centar\/kontakt\/"]}]},{"@type":"BreadcrumbList","@id":"https:\/\/www.aponia-dental-center.com\/dentalni-centar\/kontakt\/#breadcrumb","itemListElement":[{"@type":"ListItem","position":1,"name":"Naslovna","item":"https:\/\/www.aponia-dental-center.com\/dentalni-centar\/"},{"@type":"ListItem","position":2,"name":"Kontakt"}]},{"@type":"WebSite","@id":"https:\/\/www.aponia-dental-center.com\/dentalni-centar\/#website","url":"https:\/\/www.aponia-dental-center.com\/dentalni-centar\/","name":"Stomatolo\u0161ka ordinacija u Beogradu","description":"Harmonija estetike i zdravlja","potentialAction":[{"@type":"SearchAction","target":{"@type":"EntryPoint","urlTemplate":"https:\/\/www.aponia-dental-center.com\/dentalni-centar\/?s={search_term_string}"},"query-input":{"@type":"PropertyValueSpecification","valueRequired":true,"valueName":"search_term_string"}}],"inLanguage":"en-US"}]}},"_links":{"self":[{"href":"https:\/\/www.aponia-dental-center.com\/dentalni-centar\/wp-json\/wp\/v2\/pages\/36","targetHints":{"allow":["GET"]}}],"collection":[{"href":"https:\/\/www.aponia-dental-center.com\/dentalni-centar\/wp-json\/wp\/v2\/pages"}],"about":[{"href":"https:\/\/www.aponia-dental-center.com\/dentalni-centar\/wp-json\/wp\/v2\/types\/page"}],"author":[{"embeddable":true,"href":"https:\/\/www.aponia-dental-center.com\/dentalni-centar\/wp-json\/wp\/v2\/users\/1"}],"replies":[{"embeddable":true,"href":"https:\/\/www.aponia-dental-center.com\/dentalni-centar\/wp-json\/wp\/v2\/comments?post=36"}],"version-history":[{"count":20,"href":"https:\/\/www.aponia-dental-center.com\/dentalni-centar\/wp-json\/wp\/v2\/pages\/36\/revisions"}],"predecessor-version":[{"id":1543,"href":"https:\/\/www.aponia-dental-center.com\/dentalni-centar\/wp-json\/wp\/v2\/pages\/36\/revisions\/1543"}],"wp:attachment":[{"href":"https:\/\/www.aponia-dental-center.com\/dentalni-centar\/wp-json\/wp\/v2\/media?parent=36"}],"curies":[{"name":"wp","href":"https:\/\/api.w.org\/{rel}","templated":true}]}}