{"id":450,"date":"2014-02-01T04:28:00","date_gmt":"2014-02-01T04:28:00","guid":{"rendered":"http:\/\/www.aponia-dental-center.com\/dentalni-centar\/?page_id=450"},"modified":"2016-02-02T14:21:43","modified_gmt":"2016-02-02T14:21:43","slug":"fiksni-ortodontski-aparati","status":"publish","type":"page","link":"https:\/\/www.aponia-dental-center.com\/dentalni-centar\/usluge\/ortodoncija\/fiksni-ortodontski-aparati\/","title":{"rendered":"Fiksni ortodontski aparati"},"content":{"rendered":"<p style=\"text-align: justify;\"><strong>Fiksni ortodontski aparati<\/strong> sastoje se od bravica, prstenova i \u017ei\u010danih lukova. Bravice, prilagodjene obliku zuba, lepe se direktno na zube.<\/p>\n<p style=\"text-align: justify;\">U zavisnosti od dijagnoze i \u017eelje pacijenta na raspolaganju su metalne, kerami\u010dke I safir staklo bravice.<\/p>\n<p>Me\u0111u mladima je popularan aparat sa metalnim bravicama i gumicama u boji, koje se menjaju prilikom svake kontrole, \u0161to omogu\u0107ava uvek razli\u010ditu kombinaciju.<\/p>\n<div id=\"attachment_669\" style=\"width: 310px\" class=\"wp-caption aligncenter\"><a href=\"https:\/\/www.aponia-dental-center.com\/dentalni-centar\/wp-content\/uploads\/2014\/02\/ortodontske-bravice-001.jpg\"><img loading=\"lazy\" decoding=\"async\" aria-describedby=\"caption-attachment-669\" class=\"size-medium wp-image-669  \" alt=\"ortodontske-bravice-001\" src=\"https:\/\/www.aponia-dental-center.com\/dentalni-centar\/wp-content\/uploads\/2014\/02\/ortodontske-bravice-001-300x225.jpg\" width=\"300\" height=\"225\" srcset=\"https:\/\/www.aponia-dental-center.com\/dentalni-centar\/wp-content\/uploads\/2014\/02\/ortodontske-bravice-001-300x225.jpg 300w, https:\/\/www.aponia-dental-center.com\/dentalni-centar\/wp-content\/uploads\/2014\/02\/ortodontske-bravice-001-1024x768.jpg 1024w, https:\/\/www.aponia-dental-center.com\/dentalni-centar\/wp-content\/uploads\/2014\/02\/ortodontske-bravice-001.jpg 1600w\" sizes=\"(max-width: 300px) 100vw, 300px\" \/><\/a><p id=\"caption-attachment-669\" class=\"wp-caption-text\">Zahvaljuju\u0107i Damaon sistemu, vreme no\u0161enja fiksne proteze je smanjeno<\/p><\/div>\n<p>Kerami\u010dke bravice su bele boje, vizuelno manje i estetski prihvatljivije, ali ne i nevidljive.<\/p>\n<p><a href=\"https:\/\/www.aponia-dental-center.com\/dentalni-centar\/wp-content\/uploads\/2014\/02\/ortodontske-bravice-005.jpg\"><img loading=\"lazy\" decoding=\"async\" class=\"alignnone size-medium wp-image-673\" alt=\"ortodontske-bravice-005\" src=\"https:\/\/www.aponia-dental-center.com\/dentalni-centar\/wp-content\/uploads\/2014\/02\/ortodontske-bravice-005-300x225.jpg\" width=\"300\" height=\"225\" srcset=\"https:\/\/www.aponia-dental-center.com\/dentalni-centar\/wp-content\/uploads\/2014\/02\/ortodontske-bravice-005-300x225.jpg 300w, https:\/\/www.aponia-dental-center.com\/dentalni-centar\/wp-content\/uploads\/2014\/02\/ortodontske-bravice-005-1024x768.jpg 1024w, https:\/\/www.aponia-dental-center.com\/dentalni-centar\/wp-content\/uploads\/2014\/02\/ortodontske-bravice-005.jpg 1600w\" sizes=\"(max-width: 300px) 100vw, 300px\" \/><\/a><a href=\"https:\/\/www.aponia-dental-center.com\/dentalni-centar\/wp-content\/uploads\/2014\/02\/ortodontske-bravice-004.jpg\"> <img loading=\"lazy\" decoding=\"async\" class=\"alignnone size-medium wp-image-672\" alt=\"ortodontske-bravice-004\" src=\"https:\/\/www.aponia-dental-center.com\/dentalni-centar\/wp-content\/uploads\/2014\/02\/ortodontske-bravice-004-300x225.jpg\" width=\"300\" height=\"225\" srcset=\"https:\/\/www.aponia-dental-center.com\/dentalni-centar\/wp-content\/uploads\/2014\/02\/ortodontske-bravice-004-300x225.jpg 300w, https:\/\/www.aponia-dental-center.com\/dentalni-centar\/wp-content\/uploads\/2014\/02\/ortodontske-bravice-004-1024x768.jpg 1024w, https:\/\/www.aponia-dental-center.com\/dentalni-centar\/wp-content\/uploads\/2014\/02\/ortodontske-bravice-004.jpg 1600w\" sizes=\"(max-width: 300px) 100vw, 300px\" \/><\/a><\/p>\n<p style=\"text-align: justify;\">Najnovije bravice izradjene su od safir stakla i estetski su najprihvatljivije. Manjeg su promera i s obzirom da su providne, poprimaju boju zuba. U kombinaciji sa belim lukovima, gotovo su neprimetne.<\/p>\n<p style=\"text-align: justify;\">Nakon postavke fiksnog aparata, higijena usta i zuba mora biti \u010de\u0161\u0107a i temeljnija. Zubi se peru nakon svakog jela, tako da se savetuje izbegavanje grickanja izmedju obroka. Oralna higijena se odr\u017eava obi\u010dnom \u010detkicom, interdentalnom \u010detkicom, \u010detkicom za bravice, koncem i rastvorima za ispitranje usta.<\/p>\n<p style=\"text-align: justify;\">\u0160to se ti\u010de ishrane, treba izbegavati svako odgrizanje hrane. Hranu treba se\u0107i na sitnije zalogaje. Izbegavati grickanje ko\u0161tunjavog vo\u0107a i povr\u0107a sa ko\u0161ticama. Zabranjene su \u017evake, karamele, lepljive bombone, lizalice.<\/p>\n<p style=\"text-align: justify;\">Kontrola terapije se obavlja jednom mese\u010dno ili jednom u dva meseca , u zavisnosti od vrste bravica i te\u017eine slu\u010daja.<\/p>\n<p style=\"text-align: justify;\">Nakon zavr\u0161ene terapije, pacijenu se izra\u0111uje fiksni ili mobilni ritejner, kao i mobilna proteza, \u010dija je uloga da osigura polo\u017eaj zuba na \u017eeljenim pozicijama i nakon ortodonskog le\u010denja.<\/p>\n<p>.<\/p>\n<div id=\"attachment_755\" style=\"width: 279px\" class=\"wp-caption alignleft\"><a href=\"https:\/\/www.aponia-dental-center.com\/dentalni-centar\/wp-content\/uploads\/2014\/01\/retainer-fisso.jpg\"><img loading=\"lazy\" decoding=\"async\" aria-describedby=\"caption-attachment-755\" class=\"size-medium wp-image-755 \" alt=\"retainer fisso\" src=\"https:\/\/www.aponia-dental-center.com\/dentalni-centar\/wp-content\/uploads\/2014\/01\/retainer-fisso-269x300.jpg\" width=\"269\" height=\"300\" srcset=\"https:\/\/www.aponia-dental-center.com\/dentalni-centar\/wp-content\/uploads\/2014\/01\/retainer-fisso-269x300.jpg 269w, https:\/\/www.aponia-dental-center.com\/dentalni-centar\/wp-content\/uploads\/2014\/01\/retainer-fisso.jpg 302w\" sizes=\"(max-width: 269px) 100vw, 269px\" \/><\/a><p id=\"caption-attachment-755\" class=\"wp-caption-text\">retainer fisso<\/p><\/div>\n<div id=\"attachment_754\" style=\"width: 310px\" class=\"wp-caption alignright\"><a href=\"https:\/\/www.aponia-dental-center.com\/dentalni-centar\/wp-content\/uploads\/2014\/01\/retainer-mobile.jpg\"><img loading=\"lazy\" decoding=\"async\" aria-describedby=\"caption-attachment-754\" class=\"size-medium wp-image-754 \" alt=\"retainer-mobile\" src=\"https:\/\/www.aponia-dental-center.com\/dentalni-centar\/wp-content\/uploads\/2014\/01\/retainer-mobile-300x300.jpg\" width=\"300\" height=\"300\" srcset=\"https:\/\/www.aponia-dental-center.com\/dentalni-centar\/wp-content\/uploads\/2014\/01\/retainer-mobile.jpg 300w, https:\/\/www.aponia-dental-center.com\/dentalni-centar\/wp-content\/uploads\/2014\/01\/retainer-mobile-150x150.jpg 150w, https:\/\/www.aponia-dental-center.com\/dentalni-centar\/wp-content\/uploads\/2014\/01\/retainer-mobile-230x230.jpg 230w, https:\/\/www.aponia-dental-center.com\/dentalni-centar\/wp-content\/uploads\/2014\/01\/retainer-mobile-80x80.jpg 80w\" sizes=\"(max-width: 300px) 100vw, 300px\" \/><\/a><p id=\"caption-attachment-754\" class=\"wp-caption-text\">retainer mobile<\/p><\/div>\n","protected":false},"excerpt":{"rendered":"<p>Fiksni ortodontski aparati sastoje se od bravica, prstenova i \u017ei\u010danih lukova. Bravice, prilagodjene obliku zuba, lepe se direktno na zube. U zavisnosti od dijagnoze i \u017eelje pacijenta na raspolaganju su metalne, kerami\u010dke I safir staklo bravice. Me\u0111u mladima je popularan aparat sa metalnim bravicama i gumicama u boji, koje se menjaju prilikom svake kontrole, \u0161to [&hellip;]<\/p>\n","protected":false},"author":1,"featured_media":0,"parent":56,"menu_order":0,"comment_status":"closed","ping_status":"closed","template":"","meta":{"_et_pb_use_builder":"","_et_pb_old_content":"","_et_gb_content_width":"","footnotes":""},"class_list":["post-450","page","type-page","status-publish","hentry"],"yoast_head":"<!-- This site is optimized with the Yoast SEO plugin v27.3 - https:\/\/yoast.com\/product\/yoast-seo-wordpress\/ -->\n<title>Fiksni ortodontski aparati - Stomatolo\u0161ka ordinacija u Beogradu<\/title>\n<meta name=\"description\" content=\"Fiksni ortodontski aparat slu\u017ei za re\u0161avanje velikih defekata u vilici. U skladu sa \u017eeljama pacijenata, bravice mogu biti od metala, keramike i safir stakla\" \/>\n<meta name=\"robots\" content=\"index, follow, max-snippet:-1, max-image-preview:large, max-video-preview:-1\" \/>\n<link rel=\"canonical\" href=\"https:\/\/www.aponia-dental-center.com\/dentalni-centar\/usluge\/ortodoncija\/fiksni-ortodontski-aparati\/\" \/>\n<meta property=\"og:locale\" content=\"en_US\" \/>\n<meta property=\"og:type\" content=\"article\" \/>\n<meta property=\"og:title\" content=\"Fiksni ortodontski aparati - Stomatolo\u0161ka ordinacija u Beogradu\" \/>\n<meta property=\"og:description\" content=\"Fiksni ortodontski aparat slu\u017ei za re\u0161avanje velikih defekata u vilici. U skladu sa \u017eeljama pacijenata, bravice mogu biti od metala, keramike i safir stakla\" \/>\n<meta property=\"og:url\" content=\"https:\/\/www.aponia-dental-center.com\/dentalni-centar\/usluge\/ortodoncija\/fiksni-ortodontski-aparati\/\" \/>\n<meta property=\"og:site_name\" content=\"Stomatolo\u0161ka ordinacija u Beogradu\" \/>\n<meta property=\"article:modified_time\" content=\"2016-02-02T14:21:43+00:00\" \/>\n<meta property=\"og:image\" content=\"http:\/\/www.aponia-dental-center.com\/dentalni-centar\/wp-content\/uploads\/2014\/02\/ortodontske-bravice-001-300x225.jpg\" \/>\n<meta name=\"twitter:card\" content=\"summary_large_image\" \/>\n<meta name=\"twitter:site\" content=\"@Aponia_Belgrade\" \/>\n<meta name=\"twitter:label1\" content=\"Est. reading time\" \/>\n\t<meta name=\"twitter:data1\" content=\"1 minute\" \/>\n<script type=\"application\/ld+json\" class=\"yoast-schema-graph\">{\"@context\":\"https:\\\/\\\/schema.org\",\"@graph\":[{\"@type\":\"WebPage\",\"@id\":\"https:\\\/\\\/www.aponia-dental-center.com\\\/dentalni-centar\\\/usluge\\\/ortodoncija\\\/fiksni-ortodontski-aparati\\\/\",\"url\":\"https:\\\/\\\/www.aponia-dental-center.com\\\/dentalni-centar\\\/usluge\\\/ortodoncija\\\/fiksni-ortodontski-aparati\\\/\",\"name\":\"Fiksni ortodontski aparati - Stomatolo\u0161ka ordinacija u Beogradu\",\"isPartOf\":{\"@id\":\"https:\\\/\\\/www.aponia-dental-center.com\\\/dentalni-centar\\\/#website\"},\"primaryImageOfPage\":{\"@id\":\"https:\\\/\\\/www.aponia-dental-center.com\\\/dentalni-centar\\\/usluge\\\/ortodoncija\\\/fiksni-ortodontski-aparati\\\/#primaryimage\"},\"image\":{\"@id\":\"https:\\\/\\\/www.aponia-dental-center.com\\\/dentalni-centar\\\/usluge\\\/ortodoncija\\\/fiksni-ortodontski-aparati\\\/#primaryimage\"},\"thumbnailUrl\":\"http:\\\/\\\/www.aponia-dental-center.com\\\/dentalni-centar\\\/wp-content\\\/uploads\\\/2014\\\/02\\\/ortodontske-bravice-001-300x225.jpg\",\"datePublished\":\"2014-02-01T04:28:00+00:00\",\"dateModified\":\"2016-02-02T14:21:43+00:00\",\"description\":\"Fiksni ortodontski aparat slu\u017ei za re\u0161avanje velikih defekata u vilici. U skladu sa \u017eeljama pacijenata, bravice mogu biti od metala, keramike i safir stakla\",\"breadcrumb\":{\"@id\":\"https:\\\/\\\/www.aponia-dental-center.com\\\/dentalni-centar\\\/usluge\\\/ortodoncija\\\/fiksni-ortodontski-aparati\\\/#breadcrumb\"},\"inLanguage\":\"en-US\",\"potentialAction\":[{\"@type\":\"ReadAction\",\"target\":[\"https:\\\/\\\/www.aponia-dental-center.com\\\/dentalni-centar\\\/usluge\\\/ortodoncija\\\/fiksni-ortodontski-aparati\\\/\"]}]},{\"@type\":\"ImageObject\",\"inLanguage\":\"en-US\",\"@id\":\"https:\\\/\\\/www.aponia-dental-center.com\\\/dentalni-centar\\\/usluge\\\/ortodoncija\\\/fiksni-ortodontski-aparati\\\/#primaryimage\",\"url\":\"http:\\\/\\\/www.aponia-dental-center.com\\\/dentalni-centar\\\/wp-content\\\/uploads\\\/2014\\\/02\\\/ortodontske-bravice-001-300x225.jpg\",\"contentUrl\":\"http:\\\/\\\/www.aponia-dental-center.com\\\/dentalni-centar\\\/wp-content\\\/uploads\\\/2014\\\/02\\\/ortodontske-bravice-001-300x225.jpg\"},{\"@type\":\"BreadcrumbList\",\"@id\":\"https:\\\/\\\/www.aponia-dental-center.com\\\/dentalni-centar\\\/usluge\\\/ortodoncija\\\/fiksni-ortodontski-aparati\\\/#breadcrumb\",\"itemListElement\":[{\"@type\":\"ListItem\",\"position\":1,\"name\":\"Naslovna\",\"item\":\"https:\\\/\\\/www.aponia-dental-center.com\\\/dentalni-centar\\\/\"},{\"@type\":\"ListItem\",\"position\":2,\"name\":\"Usluge\",\"item\":\"https:\\\/\\\/www.aponia-dental-center.com\\\/dentalni-centar\\\/usluge\\\/\"},{\"@type\":\"ListItem\",\"position\":3,\"name\":\"Ortodoncija\",\"item\":\"https:\\\/\\\/www.aponia-dental-center.com\\\/dentalni-centar\\\/usluge\\\/ortodoncija\\\/\"},{\"@type\":\"ListItem\",\"position\":4,\"name\":\"Fiksni ortodontski aparati\"}]},{\"@type\":\"WebSite\",\"@id\":\"https:\\\/\\\/www.aponia-dental-center.com\\\/dentalni-centar\\\/#website\",\"url\":\"https:\\\/\\\/www.aponia-dental-center.com\\\/dentalni-centar\\\/\",\"name\":\"Stomatolo\u0161ka ordinacija u Beogradu\",\"description\":\"Harmonija estetike i zdravlja\",\"potentialAction\":[{\"@type\":\"SearchAction\",\"target\":{\"@type\":\"EntryPoint\",\"urlTemplate\":\"https:\\\/\\\/www.aponia-dental-center.com\\\/dentalni-centar\\\/?s={search_term_string}\"},\"query-input\":{\"@type\":\"PropertyValueSpecification\",\"valueRequired\":true,\"valueName\":\"search_term_string\"}}],\"inLanguage\":\"en-US\"}]}<\/script>\n<!-- \/ Yoast SEO plugin. -->","yoast_head_json":{"title":"Fiksni ortodontski aparati - Stomatolo\u0161ka ordinacija u Beogradu","description":"Fiksni ortodontski aparat slu\u017ei za re\u0161avanje velikih defekata u vilici. U skladu sa \u017eeljama pacijenata, bravice mogu biti od metala, keramike i safir stakla","robots":{"index":"index","follow":"follow","max-snippet":"max-snippet:-1","max-image-preview":"max-image-preview:large","max-video-preview":"max-video-preview:-1"},"canonical":"https:\/\/www.aponia-dental-center.com\/dentalni-centar\/usluge\/ortodoncija\/fiksni-ortodontski-aparati\/","og_locale":"en_US","og_type":"article","og_title":"Fiksni ortodontski aparati - Stomatolo\u0161ka ordinacija u Beogradu","og_description":"Fiksni ortodontski aparat slu\u017ei za re\u0161avanje velikih defekata u vilici. U skladu sa \u017eeljama pacijenata, bravice mogu biti od metala, keramike i safir stakla","og_url":"https:\/\/www.aponia-dental-center.com\/dentalni-centar\/usluge\/ortodoncija\/fiksni-ortodontski-aparati\/","og_site_name":"Stomatolo\u0161ka ordinacija u Beogradu","article_modified_time":"2016-02-02T14:21:43+00:00","og_image":[{"url":"http:\/\/www.aponia-dental-center.com\/dentalni-centar\/wp-content\/uploads\/2014\/02\/ortodontske-bravice-001-300x225.jpg","type":"","width":"","height":""}],"twitter_card":"summary_large_image","twitter_site":"@Aponia_Belgrade","twitter_misc":{"Est. reading time":"1 minute"},"schema":{"@context":"https:\/\/schema.org","@graph":[{"@type":"WebPage","@id":"https:\/\/www.aponia-dental-center.com\/dentalni-centar\/usluge\/ortodoncija\/fiksni-ortodontski-aparati\/","url":"https:\/\/www.aponia-dental-center.com\/dentalni-centar\/usluge\/ortodoncija\/fiksni-ortodontski-aparati\/","name":"Fiksni ortodontski aparati - Stomatolo\u0161ka ordinacija u Beogradu","isPartOf":{"@id":"https:\/\/www.aponia-dental-center.com\/dentalni-centar\/#website"},"primaryImageOfPage":{"@id":"https:\/\/www.aponia-dental-center.com\/dentalni-centar\/usluge\/ortodoncija\/fiksni-ortodontski-aparati\/#primaryimage"},"image":{"@id":"https:\/\/www.aponia-dental-center.com\/dentalni-centar\/usluge\/ortodoncija\/fiksni-ortodontski-aparati\/#primaryimage"},"thumbnailUrl":"http:\/\/www.aponia-dental-center.com\/dentalni-centar\/wp-content\/uploads\/2014\/02\/ortodontske-bravice-001-300x225.jpg","datePublished":"2014-02-01T04:28:00+00:00","dateModified":"2016-02-02T14:21:43+00:00","description":"Fiksni ortodontski aparat slu\u017ei za re\u0161avanje velikih defekata u vilici. U skladu sa \u017eeljama pacijenata, bravice mogu biti od metala, keramike i safir stakla","breadcrumb":{"@id":"https:\/\/www.aponia-dental-center.com\/dentalni-centar\/usluge\/ortodoncija\/fiksni-ortodontski-aparati\/#breadcrumb"},"inLanguage":"en-US","potentialAction":[{"@type":"ReadAction","target":["https:\/\/www.aponia-dental-center.com\/dentalni-centar\/usluge\/ortodoncija\/fiksni-ortodontski-aparati\/"]}]},{"@type":"ImageObject","inLanguage":"en-US","@id":"https:\/\/www.aponia-dental-center.com\/dentalni-centar\/usluge\/ortodoncija\/fiksni-ortodontski-aparati\/#primaryimage","url":"http:\/\/www.aponia-dental-center.com\/dentalni-centar\/wp-content\/uploads\/2014\/02\/ortodontske-bravice-001-300x225.jpg","contentUrl":"http:\/\/www.aponia-dental-center.com\/dentalni-centar\/wp-content\/uploads\/2014\/02\/ortodontske-bravice-001-300x225.jpg"},{"@type":"BreadcrumbList","@id":"https:\/\/www.aponia-dental-center.com\/dentalni-centar\/usluge\/ortodoncija\/fiksni-ortodontski-aparati\/#breadcrumb","itemListElement":[{"@type":"ListItem","position":1,"name":"Naslovna","item":"https:\/\/www.aponia-dental-center.com\/dentalni-centar\/"},{"@type":"ListItem","position":2,"name":"Usluge","item":"https:\/\/www.aponia-dental-center.com\/dentalni-centar\/usluge\/"},{"@type":"ListItem","position":3,"name":"Ortodoncija","item":"https:\/\/www.aponia-dental-center.com\/dentalni-centar\/usluge\/ortodoncija\/"},{"@type":"ListItem","position":4,"name":"Fiksni ortodontski aparati"}]},{"@type":"WebSite","@id":"https:\/\/www.aponia-dental-center.com\/dentalni-centar\/#website","url":"https:\/\/www.aponia-dental-center.com\/dentalni-centar\/","name":"Stomatolo\u0161ka ordinacija u Beogradu","description":"Harmonija estetike i zdravlja","potentialAction":[{"@type":"SearchAction","target":{"@type":"EntryPoint","urlTemplate":"https:\/\/www.aponia-dental-center.com\/dentalni-centar\/?s={search_term_string}"},"query-input":{"@type":"PropertyValueSpecification","valueRequired":true,"valueName":"search_term_string"}}],"inLanguage":"en-US"}]}},"_links":{"self":[{"href":"https:\/\/www.aponia-dental-center.com\/dentalni-centar\/wp-json\/wp\/v2\/pages\/450","targetHints":{"allow":["GET"]}}],"collection":[{"href":"https:\/\/www.aponia-dental-center.com\/dentalni-centar\/wp-json\/wp\/v2\/pages"}],"about":[{"href":"https:\/\/www.aponia-dental-center.com\/dentalni-centar\/wp-json\/wp\/v2\/types\/page"}],"author":[{"embeddable":true,"href":"https:\/\/www.aponia-dental-center.com\/dentalni-centar\/wp-json\/wp\/v2\/users\/1"}],"replies":[{"embeddable":true,"href":"https:\/\/www.aponia-dental-center.com\/dentalni-centar\/wp-json\/wp\/v2\/comments?post=450"}],"version-history":[{"count":9,"href":"https:\/\/www.aponia-dental-center.com\/dentalni-centar\/wp-json\/wp\/v2\/pages\/450\/revisions"}],"predecessor-version":[{"id":847,"href":"https:\/\/www.aponia-dental-center.com\/dentalni-centar\/wp-json\/wp\/v2\/pages\/450\/revisions\/847"}],"up":[{"embeddable":true,"href":"https:\/\/www.aponia-dental-center.com\/dentalni-centar\/wp-json\/wp\/v2\/pages\/56"}],"wp:attachment":[{"href":"https:\/\/www.aponia-dental-center.com\/dentalni-centar\/wp-json\/wp\/v2\/media?parent=450"}],"curies":[{"name":"wp","href":"https:\/\/api.w.org\/{rel}","templated":true}]}}